{"id":134,"date":"2018-01-30T22:08:40","date_gmt":"2018-01-30T21:08:40","guid":{"rendered":"http:\/\/ncs-environnement.fr\/?page_id=134"},"modified":"2020-06-16T16:39:40","modified_gmt":"2020-06-16T14:39:40","slug":"systeme-de-management","status":"publish","type":"page","link":"https:\/\/ncs-environnement.fr\/?page_id=134","title":{"rendered":"Syst\u00e8me de management"},"content":{"rendered":"<p>Vous \u00eates certifi\u00e9s <strong>ISO 9001 \/ 14001 \/ 50001 \/ ISO 45001 \/ MASE<\/strong> ou envisagez de l\u2019\u00eatre ?<br \/>\nJe vous propose :<\/p>\n<ul>\n<li>Diagnostic, accompagnement, conseil, pilotage du projet pour la mise en place de syst\u00e8mes de management de :<br \/>\n\u2013 L\u2019environnement (ISO 14001)<br \/>\n\u2013 La Sant\u00e9 et la S\u00e9curit\u00e9 au travail (ISO 45001, MASE)<br \/>\n\u2013 De l\u2019\u00e9nergie (ISO 50001)<br \/>\n\u2013 La Qualit\u00e9 (ISO 9001)<\/li>\n<li>Revue de processus<\/li>\n<li>Pr\u00e9paration de la revue de direction<\/li>\n<\/ul>\n<p>Vous souhaitez externaliser vos <b>audits internes<\/b>, pour avoir un regard ext\u00e9rieur ou par manque d\u2019auditeur interne ?<br \/>\nJe vous propose :<\/p>\n<ul>\n<li>Audit de votre syst\u00e8me de management (audit int\u00e9gr\u00e9 ou non, selon votre syst\u00e8me)<\/li>\n<li>Audit de processus<\/li>\n<li>Audit \/ inspection chantier<\/li>\n<\/ul>\n<p>Vous souhaitez <b>former<\/b> vos auditeurs internes, vos pilotes de processus, votre service QSE ?<br \/>\nJe vous propose :<\/p>\n<ul>\n<li>Formation \/ coaching des auditeurs internes<\/li>\n<li>Formation aux r\u00e9f\u00e9rentiels de management<\/li>\n<\/ul>\n","protected":false},"excerpt":{"rendered":"<p>Vous \u00eates certifi\u00e9s ISO 9001 \/ 14001 \/ 50001 \/ ISO 45001 \/ MASE ou envisagez de l\u2019\u00eatre ? Je vous propose : Diagnostic, accompagnement, conseil, pilotage du projet pour la mise en place de syst\u00e8mes de management de : \u2013 L\u2019environnement (ISO 14001) \u2013 La Sant\u00e9 et la S\u00e9curit\u00e9 au travail (ISO 45001, MASE) [&hellip;]<\/p>\n","protected":false},"author":1,"featured_media":0,"parent":2,"menu_order":0,"comment_status":"closed","ping_status":"closed","template":"","meta":{"footnotes":""},"_links":{"self":[{"href":"https:\/\/ncs-environnement.fr\/index.php?rest_route=\/wp\/v2\/pages\/134"}],"collection":[{"href":"https:\/\/ncs-environnement.fr\/index.php?rest_route=\/wp\/v2\/pages"}],"about":[{"href":"https:\/\/ncs-environnement.fr\/index.php?rest_route=\/wp\/v2\/types\/page"}],"author":[{"embeddable":true,"href":"https:\/\/ncs-environnement.fr\/index.php?rest_route=\/wp\/v2\/users\/1"}],"replies":[{"embeddable":true,"href":"https:\/\/ncs-environnement.fr\/index.php?rest_route=%2Fwp%2Fv2%2Fcomments&post=134"}],"version-history":[{"count":3,"href":"https:\/\/ncs-environnement.fr\/index.php?rest_route=\/wp\/v2\/pages\/134\/revisions"}],"predecessor-version":[{"id":547,"href":"https:\/\/ncs-environnement.fr\/index.php?rest_route=\/wp\/v2\/pages\/134\/revisions\/547"}],"up":[{"embeddable":true,"href":"https:\/\/ncs-environnement.fr\/index.php?rest_route=\/wp\/v2\/pages\/2"}],"wp:attachment":[{"href":"https:\/\/ncs-environnement.fr\/index.php?rest_route=%2Fwp%2Fv2%2Fmedia&parent=134"}],"curies":[{"name":"wp","href":"https:\/\/api.w.org\/{rel}","templated":true}]}}