{"id":157,"date":"2018-01-30T23:02:28","date_gmt":"2018-01-30T22:02:28","guid":{"rendered":"http:\/\/ncs-environnement.fr\/?page_id=157"},"modified":"2018-01-30T23:03:08","modified_gmt":"2018-01-30T22:03:08","slug":"veille-reglementaire","status":"publish","type":"page","link":"https:\/\/ncs-environnement.fr\/?page_id=157","title":{"rendered":"Veille r\u00e9glementaire"},"content":{"rendered":"<p>Vous souhaitez conna\u00eetre les <b>exigences r\u00e9glementaires applicables<\/b> \u00e0 vos activit\u00e9s, \u00e0 vos projets ?<br \/>\nVous souhaitez avoir une <b>analyse d\u00e9taill\u00e9e <\/b>des textes, et des \u00e9l\u00e9ments concrets pour une meilleure prise en compte ? Je vous propose :<\/p>\n<ul>\n<li>Identification des exigences r\u00e9glementaires en mati\u00e8re de Sant\u00e9 S\u00e9curit\u00e9 Environnement<\/li>\n<li>\u00c9tablissement d\u2019un bilan initial<\/li>\n<li>Veille r\u00e9glementaire p\u00e9riodique :<\/li>\n<li>Envoi des nouveaut\u00e9s r\u00e9glementaires sous la forme d\u2019un bulletin r\u00e9glementaire<\/li>\n<li>Mise \u00e0 jour du recueil des exigences r\u00e9glementaires<\/li>\n<\/ul>\n<p>Vous souhaitez connaitre votre <b>conformit\u00e9 <\/b><b>r\u00e9glementaire <\/b>? Je vous propose :<\/p>\n<ul>\n<li>Audit de conformit\u00e9 r\u00e9glementaire<\/li>\n<li>Assistance \u00e0 la mise en place, au suivi du plan de mise en conformit\u00e9<\/li>\n<\/ul>\n","protected":false},"excerpt":{"rendered":"<p>Vous souhaitez conna\u00eetre les exigences r\u00e9glementaires applicables \u00e0 vos activit\u00e9s, \u00e0 vos projets ? Vous souhaitez avoir une analyse d\u00e9taill\u00e9e des textes, et des \u00e9l\u00e9ments concrets pour une meilleure prise en compte ? Je vous propose : Identification des exigences r\u00e9glementaires en mati\u00e8re de Sant\u00e9 S\u00e9curit\u00e9 Environnement \u00c9tablissement d\u2019un bilan initial Veille r\u00e9glementaire p\u00e9riodique : [&hellip;]<\/p>\n","protected":false},"author":1,"featured_media":0,"parent":2,"menu_order":0,"comment_status":"closed","ping_status":"closed","template":"","meta":{"footnotes":""},"_links":{"self":[{"href":"https:\/\/ncs-environnement.fr\/index.php?rest_route=\/wp\/v2\/pages\/157"}],"collection":[{"href":"https:\/\/ncs-environnement.fr\/index.php?rest_route=\/wp\/v2\/pages"}],"about":[{"href":"https:\/\/ncs-environnement.fr\/index.php?rest_route=\/wp\/v2\/types\/page"}],"author":[{"embeddable":true,"href":"https:\/\/ncs-environnement.fr\/index.php?rest_route=\/wp\/v2\/users\/1"}],"replies":[{"embeddable":true,"href":"https:\/\/ncs-environnement.fr\/index.php?rest_route=%2Fwp%2Fv2%2Fcomments&post=157"}],"version-history":[{"count":3,"href":"https:\/\/ncs-environnement.fr\/index.php?rest_route=\/wp\/v2\/pages\/157\/revisions"}],"predecessor-version":[{"id":161,"href":"https:\/\/ncs-environnement.fr\/index.php?rest_route=\/wp\/v2\/pages\/157\/revisions\/161"}],"up":[{"embeddable":true,"href":"https:\/\/ncs-environnement.fr\/index.php?rest_route=\/wp\/v2\/pages\/2"}],"wp:attachment":[{"href":"https:\/\/ncs-environnement.fr\/index.php?rest_route=%2Fwp%2Fv2%2Fmedia&parent=157"}],"curies":[{"name":"wp","href":"https:\/\/api.w.org\/{rel}","templated":true}]}}