{"id":16,"date":"2018-01-29T07:13:57","date_gmt":"2018-01-29T06:13:57","guid":{"rendered":"http:\/\/ncs-environnement.fr\/?page_id=16"},"modified":"2025-01-02T13:57:49","modified_gmt":"2025-01-02T12:57:49","slug":"accueil","status":"publish","type":"page","link":"https:\/\/ncs-environnement.fr\/","title":{"rendered":"Accueil"},"content":{"rendered":"<div id=\"pl-16\"  class=\"panel-layout\" ><div id=\"pg-16-0\"  class=\"panel-grid panel-no-style\" ><div id=\"pgc-16-0-0\"  class=\"panel-grid-cell\" ><div id=\"panel-16-0-0-0\" class=\"so-panel widget widget_sow-editor panel-first-child\" data-index=\"0\" ><div\n\t\t\t\n\t\t\tclass=\"so-widget-sow-editor so-widget-sow-editor-base\"\n\t\t\t\n\t\t>\n<div class=\"siteorigin-widget-tinymce textwidget\">\n\t<p>Bienvenue sur le site de NCS-Environnement !<\/p>\n<p>Consultante en Qualit\u00e9, S\u00e9curit\u00e9, Environnement, je vous propose de mettre mes comp\u00e9tences au service de votre entreprise pour des actions telles que :<\/p>\n<ul>\n<li>externalisation de la fonction de conseiller \u00e0 la s\u00e9curit\u00e9 pour le transport de marchandises dangereuses<\/li>\n<li>diagnostic, accompagnement, audit interne de vos syst\u00e8mes de management qualit\u00e9, s\u00e9curit\u00e9, environnement<\/li>\n<li>r\u00e9alisation ou mise \u00e0 jour de document unique d'\u00e9valuation des risques professionnels<\/li>\n<li>identification des exigences r\u00e9glementaires qui vous sont applicables, analyse de conformit\u00e9<\/li>\n<li>etc.<\/li>\n<\/ul>\n<\/div>\n<\/div><\/div><div id=\"panel-16-0-0-1\" class=\"so-panel widget widget_media_image panel-last-child\" data-index=\"1\" ><img loading=\"lazy\" decoding=\"async\" width=\"1216\" height=\"467\" src=\"https:\/\/ncs-environnement.fr\/wp-content\/uploads\/2022\/06\/Image-pour-site-internet.jpg\" class=\"image wp-image-585  attachment-full size-full\" alt=\"\" style=\"max-width: 100%; height: auto;\" srcset=\"https:\/\/ncs-environnement.fr\/wp-content\/uploads\/2022\/06\/Image-pour-site-internet.jpg 1216w, https:\/\/ncs-environnement.fr\/wp-content\/uploads\/2022\/06\/Image-pour-site-internet-300x115.jpg 300w, https:\/\/ncs-environnement.fr\/wp-content\/uploads\/2022\/06\/Image-pour-site-internet-1024x393.jpg 1024w, https:\/\/ncs-environnement.fr\/wp-content\/uploads\/2022\/06\/Image-pour-site-internet-768x295.jpg 768w\" sizes=\"(max-width: 1216px) 100vw, 1216px\" \/><\/div><\/div><\/div><\/div>","protected":false},"excerpt":{"rendered":"<p>Bienvenue sur le site de NCS-Environnement ! Consultante en Qualit\u00e9, S\u00e9curit\u00e9, Environnement, je vous propose de mettre mes comp\u00e9tences au service de votre entreprise pour des actions telles que : externalisation de la fonction de conseiller \u00e0 la s\u00e9curit\u00e9 pour le transport de marchandises dangereuses diagnostic, accompagnement, audit interne de vos syst\u00e8mes de management qualit\u00e9, [&hellip;]<\/p>\n","protected":false},"author":1,"featured_media":391,"parent":0,"menu_order":0,"comment_status":"closed","ping_status":"closed","template":"","meta":{"footnotes":""},"_links":{"self":[{"href":"https:\/\/ncs-environnement.fr\/index.php?rest_route=\/wp\/v2\/pages\/16"}],"collection":[{"href":"https:\/\/ncs-environnement.fr\/index.php?rest_route=\/wp\/v2\/pages"}],"about":[{"href":"https:\/\/ncs-environnement.fr\/index.php?rest_route=\/wp\/v2\/types\/page"}],"author":[{"embeddable":true,"href":"https:\/\/ncs-environnement.fr\/index.php?rest_route=\/wp\/v2\/users\/1"}],"replies":[{"embeddable":true,"href":"https:\/\/ncs-environnement.fr\/index.php?rest_route=%2Fwp%2Fv2%2Fcomments&post=16"}],"version-history":[{"count":57,"href":"https:\/\/ncs-environnement.fr\/index.php?rest_route=\/wp\/v2\/pages\/16\/revisions"}],"predecessor-version":[{"id":618,"href":"https:\/\/ncs-environnement.fr\/index.php?rest_route=\/wp\/v2\/pages\/16\/revisions\/618"}],"wp:featuredmedia":[{"embeddable":true,"href":"https:\/\/ncs-environnement.fr\/index.php?rest_route=\/wp\/v2\/media\/391"}],"wp:attachment":[{"href":"https:\/\/ncs-environnement.fr\/index.php?rest_route=%2Fwp%2Fv2%2Fmedia&parent=16"}],"curies":[{"name":"wp","href":"https:\/\/api.w.org\/{rel}","templated":true}]}}