{"id":17,"date":"2018-01-29T07:13:57","date_gmt":"2018-01-29T06:13:57","guid":{"rendered":"http:\/\/ncs-environnement.fr\/?page_id=17"},"modified":"2025-03-22T18:11:28","modified_gmt":"2025-03-22T17:11:28","slug":"a-propos-de","status":"publish","type":"page","link":"https:\/\/ncs-environnement.fr\/?page_id=17","title":{"rendered":"\u00c0 propos de"},"content":{"rendered":"\t\t<div data-elementor-type=\"wp-post\" data-elementor-id=\"17\" class=\"elementor elementor-17 elementor-bc-flex-widget\" data-elementor-settings=\"[]\">\n\t\t\t<div class=\"elementor-inner\">\n\t\t\t\t<div class=\"elementor-section-wrap\">\n\t\t\t\t\t\t\t<section class=\"elementor-element elementor-element-38f4d47a elementor-section-boxed elementor-section-height-default elementor-section-height-default elementor-section elementor-top-section\" data-id=\"38f4d47a\" data-element_type=\"section\">\n\t\t\t\t\t\t<div class=\"elementor-container elementor-column-gap-default\">\n\t\t\t\t<div class=\"elementor-row\">\n\t\t\t\t<div class=\"elementor-element elementor-element-8060a55 elementor-column elementor-col-100 elementor-top-column\" data-id=\"8060a55\" data-element_type=\"column\">\n\t\t\t<div class=\"elementor-column-wrap  elementor-element-populated\">\n\t\t\t\t\t<div class=\"elementor-widget-wrap\">\n\t\t\t\t<div class=\"elementor-element elementor-element-46530f61 elementor-widget elementor-widget-text-editor\" data-id=\"46530f61\" data-element_type=\"widget\" data-widget_type=\"text-editor.default\">\n\t\t\t\t<div class=\"elementor-widget-container\">\n\t\t\t\t\t<div class=\"elementor-text-editor elementor-clearfix\"><p>Consultante depuis 15 ans, j&rsquo;ai men\u00e9 \u00e0 bien des sujets QSE dans divers secteurs d&rsquo;activit\u00e9s et diff\u00e9rentes tailles d&rsquo;entreprise.<\/p><p>Mon souhait est d&rsquo;accompagner toute entreprise, de la TPE au Groupe National, dans l&rsquo;identification et la r\u00e9ponse \u00e0 ses exigences r\u00e9glementaires, dans la pr\u00e9vention des risques et l&rsquo;am\u00e9lioration des conditions de travail, dans la protection de l&rsquo;environnement.<\/p><p>\u00a0<\/p><p>Enregistr\u00e9 comme Intervenant en Pr\u00e9vention des Risques Professionnels (IPRP) aupr\u00e8s de la DIRECCTE Auvergne-Rh\u00f4ne-Alpes<\/p><p>Enregistr\u00e9 comme organisme de formation aupr\u00e8s du Pr\u00e9fet de r\u00e9gion Auvergne-Rh\u00f4ne-Alpes (cet enregistrement ne vaut pas agr\u00e9ment de l&rsquo;Etat) et r\u00e9f\u00e9ren\u00e7able dans le Datadock.<\/p><p>\u00a0<\/p><\/div>\n\t\t\t\t<\/div>\n\t\t\t\t<\/div>\n\t\t\t\t\t\t<\/div>\n\t\t\t<\/div>\n\t\t<\/div>\n\t\t\t\t\t\t<\/div>\n\t\t\t<\/div>\n\t\t<\/section>\n\t\t\t\t<section class=\"elementor-element elementor-element-e2006f9 elementor-section-boxed elementor-section-height-default elementor-section-height-default elementor-section elementor-top-section\" data-id=\"e2006f9\" data-element_type=\"section\">\n\t\t\t\t\t\t<div class=\"elementor-container elementor-column-gap-default\">\n\t\t\t\t<div class=\"elementor-row\">\n\t\t\t\t<div class=\"elementor-element elementor-element-3974979 elementor-column elementor-col-100 elementor-top-column\" data-id=\"3974979\" data-element_type=\"column\">\n\t\t\t<div class=\"elementor-column-wrap  elementor-element-populated\">\n\t\t\t\t\t<div class=\"elementor-widget-wrap\">\n\t\t\t\t<div class=\"elementor-element elementor-element-a1a5ca9 elementor-widget elementor-widget-image\" data-id=\"a1a5ca9\" data-element_type=\"widget\" data-widget_type=\"image.default\">\n\t\t\t\t<div class=\"elementor-widget-container\">\n\t\t\t\t\t<div class=\"elementor-image\">\n\t\t\t\t\t\t\t\t\t\t<img loading=\"lazy\" decoding=\"async\" width=\"150\" height=\"150\" src=\"https:\/\/ncs-environnement.fr\/wp-content\/uploads\/2019\/06\/Picto_datadocke-150x150.jpg\" class=\"attachment-thumbnail size-thumbnail\" alt=\"\" \/>\t\t\t\t\t\t\t\t\t\t\t<\/div>\n\t\t\t\t<\/div>\n\t\t\t\t<\/div>\n\t\t\t\t\t\t<\/div>\n\t\t\t<\/div>\n\t\t<\/div>\n\t\t\t\t\t\t<\/div>\n\t\t\t<\/div>\n\t\t<\/section>\n\t\t\t\t\t\t<\/div>\n\t\t\t<\/div>\n\t\t<\/div>\n\t\t","protected":false},"excerpt":{"rendered":"<p>Consultante depuis 20 ans, j&rsquo;ai pu mener \u00e0 bien des projets QSE\u00c9 dans divers secteurs d&rsquo;activit\u00e9s et diff\u00e9rentes tailles d&rsquo;entreprise. Riche de ces exp\u00e9riences, mon souhait est de pouvoir accompagner toute entreprise, de la TPE au Groupe National, dans l&rsquo;identification et la r\u00e9ponse \u00e0 ses exigences r\u00e9glementaires, dans la pr\u00e9vention des risques et l&rsquo;am\u00e9lioration des [&hellip;]<\/p>\n","protected":false},"author":1,"featured_media":403,"parent":0,"menu_order":0,"comment_status":"closed","ping_status":"closed","template":"","meta":{"footnotes":""},"_links":{"self":[{"href":"https:\/\/ncs-environnement.fr\/index.php?rest_route=\/wp\/v2\/pages\/17"}],"collection":[{"href":"https:\/\/ncs-environnement.fr\/index.php?rest_route=\/wp\/v2\/pages"}],"about":[{"href":"https:\/\/ncs-environnement.fr\/index.php?rest_route=\/wp\/v2\/types\/page"}],"author":[{"embeddable":true,"href":"https:\/\/ncs-environnement.fr\/index.php?rest_route=\/wp\/v2\/users\/1"}],"replies":[{"embeddable":true,"href":"https:\/\/ncs-environnement.fr\/index.php?rest_route=%2Fwp%2Fv2%2Fcomments&post=17"}],"version-history":[{"count":28,"href":"https:\/\/ncs-environnement.fr\/index.php?rest_route=\/wp\/v2\/pages\/17\/revisions"}],"predecessor-version":[{"id":620,"href":"https:\/\/ncs-environnement.fr\/index.php?rest_route=\/wp\/v2\/pages\/17\/revisions\/620"}],"wp:featuredmedia":[{"embeddable":true,"href":"https:\/\/ncs-environnement.fr\/index.php?rest_route=\/wp\/v2\/media\/403"}],"wp:attachment":[{"href":"https:\/\/ncs-environnement.fr\/index.php?rest_route=%2Fwp%2Fv2%2Fmedia&parent=17"}],"curies":[{"name":"wp","href":"https:\/\/api.w.org\/{rel}","templated":true}]}}