{"id":429,"date":"2018-11-29T10:14:17","date_gmt":"2018-11-29T09:14:17","guid":{"rendered":"http:\/\/ncs-environnement.fr\/?page_id=429"},"modified":"2018-11-29T10:15:05","modified_gmt":"2018-11-29T09:15:05","slug":"externalisation-de-la-fonction-qse","status":"publish","type":"page","link":"https:\/\/ncs-environnement.fr\/?page_id=429","title":{"rendered":"Externalisation de la fonction QSE"},"content":{"rendered":"<p>Vous ne disposez pas d&rsquo;un animateur QSE au sein de votre structure ? Car la taille de votre entreprise ne n\u00e9cessite pas d&rsquo;avoir une personne \u00e0 temps plein, ou bien car vous ne disposez pas des comp\u00e9tences n\u00e9cessaires en interne.<img loading=\"lazy\" decoding=\"async\" class=\"wp-image-431 aligncenter\" src=\"http:\/\/ncs-environnement.fr\/wp-content\/uploads\/2018\/11\/Externalisation-QSE.jpg\" alt=\"\" width=\"213\" height=\"209\" srcset=\"https:\/\/ncs-environnement.fr\/wp-content\/uploads\/2018\/11\/Externalisation-QSE.jpg 391w, https:\/\/ncs-environnement.fr\/wp-content\/uploads\/2018\/11\/Externalisation-QSE-300x294.jpg 300w\" sizes=\"(max-width: 213px) 100vw, 213px\" \/><\/p>\n<p>Je vous propose une <strong>intervention \u00e0 temps partiel au sein de votre entreprise<\/strong> pour <strong>mener \u00e0 bien toutes les missions qui incombent \u00e0 l&rsquo;animateur QSE<\/strong> : animer la d\u00e9marche QSE au quotidien, suivre la conformit\u00e9 r\u00e9glementaire du site, mettre \u00e0 jour le document unique d&rsquo;\u00e9valuation des risques professionnels, \u00e9laborer et suivre le programme de pr\u00e9vention des risques, analyser les incidents et accidents, mettre en place les actions correctives et pr\u00e9ventives, sensibiliser les \u00e9quipes aux aspects QSE, organiser les actions de formation , v\u00e9rifier sur le terrain la connaissance et l&rsquo;application des dispositions d\u00e9finies, d\u00e9finir et assurer le suivi des indicateurs QSE, assurer le suivi des relations avec les administrations.<\/p>\n<p>Les <strong>modalit\u00e9s d&rsquo;intervention sont adapt\u00e9es \u00e0 vos besoins, et \u00e0 la taille de votre structure<\/strong>. Cela peut \u00eatre une demi-journ\u00e9e par mois, comme une journ\u00e9e par semaine, ou plus fr\u00e9quemment.<\/p>\n<p><a href=\"http:\/\/ncs-environnement.fr\/?page_id=18\">Obtenir un devis<\/a><\/p>\n","protected":false},"excerpt":{"rendered":"<p>Vous ne disposez pas d&rsquo;un animateur QSE au sein de votre structure ? Car la taille de votre entreprise ne n\u00e9cessite pas d&rsquo;avoir une personne \u00e0 temps plein, ou bien car vous ne disposez pas des comp\u00e9tences n\u00e9cessaires en interne. Je vous propose une intervention \u00e0 temps partiel au sein de votre entreprise pour mener [&hellip;]<\/p>\n","protected":false},"author":1,"featured_media":0,"parent":2,"menu_order":0,"comment_status":"closed","ping_status":"closed","template":"","meta":{"footnotes":""},"_links":{"self":[{"href":"https:\/\/ncs-environnement.fr\/index.php?rest_route=\/wp\/v2\/pages\/429"}],"collection":[{"href":"https:\/\/ncs-environnement.fr\/index.php?rest_route=\/wp\/v2\/pages"}],"about":[{"href":"https:\/\/ncs-environnement.fr\/index.php?rest_route=\/wp\/v2\/types\/page"}],"author":[{"embeddable":true,"href":"https:\/\/ncs-environnement.fr\/index.php?rest_route=\/wp\/v2\/users\/1"}],"replies":[{"embeddable":true,"href":"https:\/\/ncs-environnement.fr\/index.php?rest_route=%2Fwp%2Fv2%2Fcomments&post=429"}],"version-history":[{"count":5,"href":"https:\/\/ncs-environnement.fr\/index.php?rest_route=\/wp\/v2\/pages\/429\/revisions"}],"predecessor-version":[{"id":435,"href":"https:\/\/ncs-environnement.fr\/index.php?rest_route=\/wp\/v2\/pages\/429\/revisions\/435"}],"up":[{"embeddable":true,"href":"https:\/\/ncs-environnement.fr\/index.php?rest_route=\/wp\/v2\/pages\/2"}],"wp:attachment":[{"href":"https:\/\/ncs-environnement.fr\/index.php?rest_route=%2Fwp%2Fv2%2Fmedia&parent=429"}],"curies":[{"name":"wp","href":"https:\/\/api.w.org\/{rel}","templated":true}]}}