{"id":442,"date":"2018-12-03T14:25:41","date_gmt":"2018-12-03T13:25:41","guid":{"rendered":"http:\/\/ncs-environnement.fr\/?page_id=442"},"modified":"2025-06-03T21:42:36","modified_gmt":"2025-06-03T19:42:36","slug":"formation","status":"publish","type":"page","link":"https:\/\/ncs-environnement.fr\/?page_id=442","title":{"rendered":"Formation"},"content":{"rendered":"\t\t<div data-elementor-type=\"wp-post\" data-elementor-id=\"442\" class=\"elementor elementor-442\" data-elementor-settings=\"[]\">\n\t\t\t<div class=\"elementor-inner\">\n\t\t\t\t<div class=\"elementor-section-wrap\">\n\t\t\t\t\t\t\t<section class=\"elementor-element elementor-element-1afee016 elementor-section-boxed elementor-section-height-default elementor-section-height-default elementor-section elementor-top-section\" data-id=\"1afee016\" data-element_type=\"section\">\n\t\t\t\t\t\t<div class=\"elementor-container elementor-column-gap-default\">\n\t\t\t\t<div class=\"elementor-row\">\n\t\t\t\t<div class=\"elementor-element elementor-element-73b748fc elementor-column elementor-col-100 elementor-top-column\" data-id=\"73b748fc\" data-element_type=\"column\">\n\t\t\t<div class=\"elementor-column-wrap  elementor-element-populated\">\n\t\t\t\t\t<div class=\"elementor-widget-wrap\">\n\t\t\t\t<div class=\"elementor-element elementor-element-149ef07b elementor-widget elementor-widget-text-editor\" data-id=\"149ef07b\" data-element_type=\"widget\" data-widget_type=\"text-editor.default\">\n\t\t\t\t<div class=\"elementor-widget-container\">\n\t\t\t\t\t<div class=\"elementor-text-editor elementor-clearfix\"><p><a href=\"http:\/\/ncs-environnement.fr\/wp-content\/uploads\/2022\/06\/LogoQualiopi-300dpi-Avec-Marianne.png\"><img loading=\"lazy\" decoding=\"async\" class=\"alignnone wp-image-583 size-full\" src=\"http:\/\/ncs-environnement.fr\/wp-content\/uploads\/2022\/06\/LogoQualiopi-300dpi-Avec-Marianne.png\" alt=\"\" width=\"633\" height=\"338\" srcset=\"https:\/\/ncs-environnement.fr\/wp-content\/uploads\/2022\/06\/LogoQualiopi-300dpi-Avec-Marianne.png 633w, https:\/\/ncs-environnement.fr\/wp-content\/uploads\/2022\/06\/LogoQualiopi-300dpi-Avec-Marianne-300x160.png 300w\" sizes=\"(max-width: 633px) 100vw, 633px\" \/><\/a><\/p><p><strong>La certification Qualit\u00e9 a \u00e9t\u00e9 d\u00e9livr\u00e9e au titre de la cat\u00e9gorie d\u2019action suivante : actions de formation<\/strong>. (certificat disponible ici :\u00a0<a href=\"http:\/\/ncs-environnement.fr\/wp-content\/uploads\/2025\/06\/Certificat-RN-0523.pdf\">Certificat RN 0523<\/a>)<\/p><p>Organisme de formation enregistr\u00e9 sous le num\u00e9ro 84 69 15939 69 aupr\u00e8s du pr\u00e9fet de r\u00e9gion Auvergne-Rh\u00f4ne-Alpes<\/p><p>Formations propos\u00e9es, en entreprise, et personnalis\u00e9es au contexte de l&rsquo;entreprise :<\/p><ul><li><strong>Transport de marchandises dangereuses<\/strong><\/li><\/ul><p>Formation des intervenants conform\u00e9ment au chapitre 1.3 de l&rsquo;ADR<\/p><p>Pr\u00e9paration \u00e0 l&rsquo;examen de Conseiller \u00e0 la S\u00e9curit\u00e9<\/p><ul><li><strong>Syst\u00e8me de management QSE<\/strong><\/li><\/ul><p>Pr\u00e9sentation des exigences de la norme ISO 14001 : 2015<\/p><p>Pr\u00e9sentation des exigences de la norme ISO 45001 : 2018<\/p><p>Pr\u00e9sentation des exigences de la norme ISO 50001 : 2018<\/p><p>Mettre en place un syst\u00e8me de management int\u00e9gr\u00e9 QSE<\/p><p>Audit interne des syst\u00e8mes de management<\/p><ul><li><strong>R\u00e9glementation HSE<\/strong><\/li><\/ul><p>Pr\u00e9sentation des principales exigences r\u00e9glementaires en Sant\u00e9 S\u00e9curit\u00e9 et Environnement<\/p><p>Animateur QSE<\/p><p>Document unique d&rsquo;\u00e9valuation des risques professionnels<\/p><p><a href=\"http:\/\/ncs-environnement.fr\/?page_id=18\">Demander le programme ou obtenir un devis<\/a><\/p><p><strong>Statistiques <\/strong>sur les trois derni\u00e8res ann\u00e9es (mis \u00e0 jour le 22\/05\/2025) :<\/p><ul><li>100% des personnes form\u00e9es ont r\u00e9ussi leur test de validation des acquis<\/li><li>61% des personnes form\u00e9es sont tr\u00e8s satisfaites, 39% satisfaites et 0% moyennement satisfaites ou insatisfaite<\/li><\/ul><\/div>\n\t\t\t\t<\/div>\n\t\t\t\t<\/div>\n\t\t\t\t\t\t<\/div>\n\t\t\t<\/div>\n\t\t<\/div>\n\t\t\t\t\t\t<\/div>\n\t\t\t<\/div>\n\t\t<\/section>\n\t\t\t\t\t\t<\/div>\n\t\t\t<\/div>\n\t\t<\/div>\n\t\t","protected":false},"excerpt":{"rendered":"<p>La certification Qualit\u00e9 a \u00e9t\u00e9 d\u00e9livr\u00e9e au titre de la cat\u00e9gorie d\u2019action suivante : actions de formation. (certificat disponible ici :\u00a0Certificat RN 0523) Organisme de formation enregistr\u00e9 sous le num\u00e9ro 84 69 15939 69 aupr\u00e8s du pr\u00e9fet de r\u00e9gion Auvergne-Rh\u00f4ne-Alpes Formations propos\u00e9es, en entreprise, et personnalis\u00e9es au contexte de l&rsquo;entreprise : Transport de marchandises dangereuses [&hellip;]<\/p>\n","protected":false},"author":1,"featured_media":0,"parent":0,"menu_order":0,"comment_status":"closed","ping_status":"closed","template":"","meta":{"footnotes":""},"_links":{"self":[{"href":"https:\/\/ncs-environnement.fr\/index.php?rest_route=\/wp\/v2\/pages\/442"}],"collection":[{"href":"https:\/\/ncs-environnement.fr\/index.php?rest_route=\/wp\/v2\/pages"}],"about":[{"href":"https:\/\/ncs-environnement.fr\/index.php?rest_route=\/wp\/v2\/types\/page"}],"author":[{"embeddable":true,"href":"https:\/\/ncs-environnement.fr\/index.php?rest_route=\/wp\/v2\/users\/1"}],"replies":[{"embeddable":true,"href":"https:\/\/ncs-environnement.fr\/index.php?rest_route=%2Fwp%2Fv2%2Fcomments&post=442"}],"version-history":[{"count":23,"href":"https:\/\/ncs-environnement.fr\/index.php?rest_route=\/wp\/v2\/pages\/442\/revisions"}],"predecessor-version":[{"id":641,"href":"https:\/\/ncs-environnement.fr\/index.php?rest_route=\/wp\/v2\/pages\/442\/revisions\/641"}],"wp:attachment":[{"href":"https:\/\/ncs-environnement.fr\/index.php?rest_route=%2Fwp%2Fv2%2Fmedia&parent=442"}],"curies":[{"name":"wp","href":"https:\/\/api.w.org\/{rel}","templated":true}]}}