{"id":480,"date":"2019-05-03T15:29:47","date_gmt":"2019-05-03T13:29:47","guid":{"rendered":"http:\/\/ncs-environnement.fr\/?page_id=480"},"modified":"2025-01-02T12:42:02","modified_gmt":"2025-01-02T11:42:02","slug":"liens-utiles","status":"publish","type":"page","link":"https:\/\/ncs-environnement.fr\/?page_id=480","title":{"rendered":"Liens utiles"},"content":{"rendered":"\t\t<div data-elementor-type=\"wp-page\" data-elementor-id=\"480\" class=\"elementor elementor-480\" data-elementor-settings=\"[]\">\n\t\t\t<div class=\"elementor-inner\">\n\t\t\t\t<div class=\"elementor-section-wrap\">\n\t\t\t\t\t\t\t<section class=\"elementor-element elementor-element-21fe4ce5 elementor-section-boxed elementor-section-height-default elementor-section-height-default elementor-section elementor-top-section\" data-id=\"21fe4ce5\" data-element_type=\"section\">\n\t\t\t\t\t\t<div class=\"elementor-container elementor-column-gap-default\">\n\t\t\t\t<div class=\"elementor-row\">\n\t\t\t\t<div class=\"elementor-element elementor-element-23dcbaa4 elementor-column elementor-col-100 elementor-top-column\" data-id=\"23dcbaa4\" data-element_type=\"column\">\n\t\t\t<div class=\"elementor-column-wrap  elementor-element-populated\">\n\t\t\t\t\t<div class=\"elementor-widget-wrap\">\n\t\t\t\t<div class=\"elementor-element elementor-element-7f7a10b0 elementor-widget elementor-widget-text-editor\" data-id=\"7f7a10b0\" data-element_type=\"widget\" data-widget_type=\"text-editor.default\">\n\t\t\t\t<div class=\"elementor-widget-container\">\n\t\t\t\t\t<div class=\"elementor-text-editor elementor-clearfix\"><p><strong>Transport de Marchandises Dangereuses<\/strong><\/p><p><strong>ADR<\/strong> &#8211; Accord relatif au transport international des marchandises dangereuses par route, en vigueur au 1er janvier 2019 : <a href=\"https:\/\/unece.org\/adr-2025-files\">ADR 2025<\/a><\/p><p><strong>ADN<\/strong> &#8211; Accord europ\u00e9en relatif au transport international des marchandises dangereuses par voies de navigation int\u00e9rieures, en vigueur au 1er janvier 2019 : <a href=\"https:\/\/www.unece.org\/fr\/trans\/danger\/publi\/adn\/adn2017\/19files_e.html\">ADN 2025<\/a><\/p><p><strong>RID<\/strong> &#8211; R\u00e8glement concernant le transport international ferroviaire des marchandises dangereuses, en vigueur au 1er janvier 2019 : <a href=\"http:\/\/otif.org\/fr\/?page_id=1105\">RID 2025<\/a><\/p><p>Restrictions et interdiction de circuler : <a href=\"https:\/\/www.bison-fute.gouv.fr\/transport-de-marchandises,41.html\">site de Bison Fut\u00e9<\/a><\/p><p>D\u00e9claration du conseiller \u00e0 la s\u00e9curit\u00e9 : <a href=\"https:\/\/declaration-cstmd.din.developpement-durable.gouv.fr\">https:\/\/declaration-cstmd.din.developpement-durable.gouv.fr<\/a><\/p><p>D\u00e9claration d&rsquo;accident pendant le transport de marchandises dangereuses :<a href=\"https:\/\/www.datmd.din.developpement-durable.gouv.fr\/\"> https:\/\/www.datmd.din.developpement-durable.gouv.fr\/<\/a><\/p><p>Liste des organismes habilit\u00e9s ou agr\u00e9\u00e9s pour l\u2019homologation et le contr\u00f4le des mat\u00e9riels de transport (citernes, r\u00e9cipients sous pression, emballages) : <a href=\"https:\/\/www.ecologie.gouv.fr\/sites\/default\/files\/documents\/LISTE%20DES%20ORGANISMES%20AGR%C3%89%C3%89S%20du%2007%202024_0.pdf\">liste mise \u00e0 jour en 07\/2024<\/a><\/p><\/div>\n\t\t\t\t<\/div>\n\t\t\t\t<\/div>\n\t\t\t\t\t\t<\/div>\n\t\t\t<\/div>\n\t\t<\/div>\n\t\t\t\t\t\t<\/div>\n\t\t\t<\/div>\n\t\t<\/section>\n\t\t\t\t\t\t<\/div>\n\t\t\t<\/div>\n\t\t<\/div>\n\t\t","protected":false},"excerpt":{"rendered":"<p>Transport de Marchandises Dangereuses ADR &#8211; Accord relatif au transport international des marchandises dangereuses par route, en vigueur au 1er janvier 2019 : ADR 2025 ADN &#8211; Accord europ\u00e9en relatif au transport international des marchandises dangereuses par voies de navigation int\u00e9rieures, en vigueur au 1er janvier 2019 : ADN 2025 RID &#8211; R\u00e8glement concernant le [&hellip;]<\/p>\n","protected":false},"author":1,"featured_media":0,"parent":0,"menu_order":0,"comment_status":"closed","ping_status":"closed","template":"","meta":{"footnotes":""},"_links":{"self":[{"href":"https:\/\/ncs-environnement.fr\/index.php?rest_route=\/wp\/v2\/pages\/480"}],"collection":[{"href":"https:\/\/ncs-environnement.fr\/index.php?rest_route=\/wp\/v2\/pages"}],"about":[{"href":"https:\/\/ncs-environnement.fr\/index.php?rest_route=\/wp\/v2\/types\/page"}],"author":[{"embeddable":true,"href":"https:\/\/ncs-environnement.fr\/index.php?rest_route=\/wp\/v2\/users\/1"}],"replies":[{"embeddable":true,"href":"https:\/\/ncs-environnement.fr\/index.php?rest_route=%2Fwp%2Fv2%2Fcomments&post=480"}],"version-history":[{"count":9,"href":"https:\/\/ncs-environnement.fr\/index.php?rest_route=\/wp\/v2\/pages\/480\/revisions"}],"predecessor-version":[{"id":615,"href":"https:\/\/ncs-environnement.fr\/index.php?rest_route=\/wp\/v2\/pages\/480\/revisions\/615"}],"wp:attachment":[{"href":"https:\/\/ncs-environnement.fr\/index.php?rest_route=%2Fwp%2Fv2%2Fmedia&parent=480"}],"curies":[{"name":"wp","href":"https:\/\/api.w.org\/{rel}","templated":true}]}}